{"id":752,"date":"2018-12-05T15:49:13","date_gmt":"2018-12-05T14:49:13","guid":{"rendered":"http:\/\/derdadesign.de\/?page_id=752"},"modified":"2026-04-15T18:31:51","modified_gmt":"2026-04-15T16:31:51","slug":"gesa-derda-2","status":"publish","type":"page","link":"https:\/\/derdadesign.de\/","title":{"rendered":"DerdaDesign &#8211; Medienkompetenz"},"content":{"rendered":"\n<div class=\"wp-block-columns is-layout-flex wp-container-core-columns-is-layout-9d6595d7 wp-block-columns-is-layout-flex\">\n<div class=\"wp-block-column is-layout-flow wp-block-column-is-layout-flow\" style=\"flex-basis:33.33%\">\n<figure class=\"wp-block-image size-medium is-style-default\"><img loading=\"lazy\" decoding=\"async\" width=\"214\" height=\"300\" src=\"https:\/\/derdadesign.de\/wp-content\/uploads\/2023\/05\/2023_Foto_Gesa-Derda-214x300.jpg\" alt=\"\" class=\"wp-image-1603\" srcset=\"https:\/\/derdadesign.de\/wp-content\/uploads\/2023\/05\/2023_Foto_Gesa-Derda-214x300.jpg 214w, https:\/\/derdadesign.de\/wp-content\/uploads\/2023\/05\/2023_Foto_Gesa-Derda-731x1024.jpg 731w, https:\/\/derdadesign.de\/wp-content\/uploads\/2023\/05\/2023_Foto_Gesa-Derda-768x1075.jpg 768w, https:\/\/derdadesign.de\/wp-content\/uploads\/2023\/05\/2023_Foto_Gesa-Derda-1097x1536.jpg 1097w, https:\/\/derdadesign.de\/wp-content\/uploads\/2023\/05\/2023_Foto_Gesa-Derda-1463x2048.jpg 1463w, https:\/\/derdadesign.de\/wp-content\/uploads\/2023\/05\/2023_Foto_Gesa-Derda-scaled.jpg 1828w\" sizes=\"auto, (max-width: 214px) 100vw, 214px\" \/><\/figure>\n<\/div>\n\n\n\n<div class=\"wp-block-column is-vertically-aligned-center is-layout-flow wp-block-column-is-layout-flow\" style=\"flex-basis:66.66%\">\n<blockquote class=\"wp-block-quote is-layout-flow wp-block-quote-is-layout-flow\">\n<p>Moin, ich bin Gesa Derda.<\/p>\n\n\n\n<p>Als M.A. Interfacedesignerin besch\u00e4ftige ich mich<br>leidenschaftlich gerne mit dem Thema<br>Medienkompetenz und Medienp\u00e4dagogik.<\/p>\n\n\n\n<p>Ich m\u00f6chte meine Erfahrungen mit Dir teilen.<br>Komm in meinen Familien-Medienhafen und finde<br>das passende Angebot f\u00fcr Dich und Deine Familie!<\/p>\n\n\n\n<p class=\"has-text-align-center\"><\/p>\n\n\n\n<p class=\"has-text-align-center\"><\/p>\n<\/blockquote>\n<\/div>\n<\/div>\n\n\n\n<div style=\"height:50px\" aria-hidden=\"true\" class=\"wp-block-spacer\"><\/div>\n\n\n\n<h2 class=\"wp-block-heading\">Willkommen im Familien-Medienhafen<\/h2>\n\n\n\n<div class=\"wp-block-columns is-layout-flex wp-container-core-columns-is-layout-9d6595d7 wp-block-columns-is-layout-flex\">\n<div class=\"wp-block-column is-layout-flow wp-block-column-is-layout-flow\" style=\"flex-basis:66.66%\">\n<figure class=\"wp-block-image size-large\"><a href=\"https:\/\/derdadesign.de\/?p=2115\" target=\"_blank\" rel=\" noreferrer noopener\"><img loading=\"lazy\" decoding=\"async\" width=\"1024\" height=\"709\" src=\"https:\/\/derdadesign.de\/wp-content\/uploads\/2025\/09\/Folie3-1-1024x709.jpg\" alt=\"\" class=\"wp-image-2272\" srcset=\"https:\/\/derdadesign.de\/wp-content\/uploads\/2025\/09\/Folie3-1-1024x709.jpg 1024w, https:\/\/derdadesign.de\/wp-content\/uploads\/2025\/09\/Folie3-1-300x208.jpg 300w, https:\/\/derdadesign.de\/wp-content\/uploads\/2025\/09\/Folie3-1-768x532.jpg 768w, https:\/\/derdadesign.de\/wp-content\/uploads\/2025\/09\/Folie3-1.jpg 1040w\" sizes=\"auto, (max-width: 1024px) 100vw, 1024px\" \/><\/a><\/figure>\n<\/div>\n\n\n\n<div class=\"wp-block-column is-layout-flow wp-block-column-is-layout-flow\" style=\"flex-basis:33.33%\">\n<h2 class=\"wp-block-heading\"><a href=\"https:\/\/derdadesign.de\/?p=2115\">kostenfreier Elternabend<\/a><\/h2>\n\n\n\n<p>Blicken wir hinaus auf die medienp\u00e4dagogischen Methoden, die es vereinfachen die komplizierte Welt der digitalen Medien kindgerecht zu erkl\u00e4ren.<\/p>\n\n\n\n<p><strong>Dauer:<\/strong> 60-90min<br><strong>Auf Wunsch als Webinar oder Pr\u00e4senz<\/strong>: <a href=\"mailto:kontakt@derdadesign.de\">kontakt@derdadesign.de<\/a><\/p>\n<\/div>\n<\/div>\n","protected":false},"excerpt":{"rendered":"<p>Moin, ich bin Gesa Derda. Als M.A. Interfacedesignerin besch\u00e4ftige ich michleidenschaftlich gerne mit dem ThemaMedienkompetenz und Medienp\u00e4dagogik. Ich m\u00f6chte meine&hellip; <\/p>\n","protected":false},"author":2,"featured_media":0,"parent":0,"menu_order":0,"comment_status":"closed","ping_status":"closed","template":"","meta":{"footnotes":""},"class_list":["post-752","page","type-page","status-publish","hentry"],"_links":{"self":[{"href":"https:\/\/derdadesign.de\/index.php?rest_route=\/wp\/v2\/pages\/752","targetHints":{"allow":["GET"]}}],"collection":[{"href":"https:\/\/derdadesign.de\/index.php?rest_route=\/wp\/v2\/pages"}],"about":[{"href":"https:\/\/derdadesign.de\/index.php?rest_route=\/wp\/v2\/types\/page"}],"author":[{"embeddable":true,"href":"https:\/\/derdadesign.de\/index.php?rest_route=\/wp\/v2\/users\/2"}],"replies":[{"embeddable":true,"href":"https:\/\/derdadesign.de\/index.php?rest_route=%2Fwp%2Fv2%2Fcomments&post=752"}],"version-history":[{"count":165,"href":"https:\/\/derdadesign.de\/index.php?rest_route=\/wp\/v2\/pages\/752\/revisions"}],"predecessor-version":[{"id":2480,"href":"https:\/\/derdadesign.de\/index.php?rest_route=\/wp\/v2\/pages\/752\/revisions\/2480"}],"wp:attachment":[{"href":"https:\/\/derdadesign.de\/index.php?rest_route=%2Fwp%2Fv2%2Fmedia&parent=752"}],"curies":[{"name":"wp","href":"https:\/\/api.w.org\/{rel}","templated":true}]}}